{"id":872,"date":"2024-01-25T15:06:50","date_gmt":"2024-01-25T15:06:50","guid":{"rendered":"https:\/\/pts-kassen.de\/?page_id=872"},"modified":"2024-02-09T08:28:17","modified_gmt":"2024-02-09T08:28:17","slug":"myvectron-reporting-app","status":"publish","type":"page","link":"https:\/\/pts-kassen.de\/index.php\/produkte\/myvectron-reporting-app\/","title":{"rendered":"myVectron Reporting-App"},"content":{"rendered":"\t\t<div data-elementor-type=\"wp-page\" data-elementor-id=\"872\" class=\"elementor elementor-872\" data-elementor-post-type=\"page\">\n\t\t\t\t<div class=\"elementor-element elementor-element-96f5081 e-flex e-con-boxed e-con e-parent\" data-id=\"96f5081\" data-element_type=\"container\" data-e-type=\"container\" data-settings=\"{&quot;background_background&quot;:&quot;classic&quot;}\">\n\t\t\t\t\t<div class=\"e-con-inner\">\n\t\t\t\t\t<\/div>\n\t\t\t\t<\/div>\n\t\t<div class=\"elementor-element elementor-element-af5239a e-flex e-con-boxed e-con e-parent\" data-id=\"af5239a\" data-element_type=\"container\" data-e-type=\"container\" data-settings=\"{&quot;background_background&quot;:&quot;classic&quot;}\">\n\t\t\t\t\t<div class=\"e-con-inner\">\n\t\t<div class=\"elementor-element elementor-element-567f532 e-flex e-con-boxed e-con e-child\" data-id=\"567f532\" data-element_type=\"container\" data-e-type=\"container\">\n\t\t\t\t\t<div class=\"e-con-inner\">\n\t\t\t\t<div class=\"elementor-element elementor-element-5a58054 elementor-widget elementor-widget-heading\" data-id=\"5a58054\" data-element_type=\"widget\" data-e-type=\"widget\" data-widget_type=\"heading.default\">\n\t\t\t\t<div class=\"elementor-widget-container\">\n\t\t\t\t\t<h2 class=\"elementor-heading-title elementor-size-default\">myVectron Reporting-App<\/h2>\t\t\t\t<\/div>\n\t\t\t\t<\/div>\n\t\t\t\t<div class=\"elementor-element elementor-element-6cf47d4 elementor-widget elementor-widget-heading\" data-id=\"6cf47d4\" data-element_type=\"widget\" data-e-type=\"widget\" data-widget_type=\"heading.default\">\n\t\t\t\t<div class=\"elementor-widget-container\">\n\t\t\t\t\t<h6 class=\"elementor-heading-title elementor-size-default\">my business in my pocket<\/h6>\t\t\t\t<\/div>\n\t\t\t\t<\/div>\n\t\t\t\t<div class=\"elementor-element elementor-element-4daf9b9 elementor-widget elementor-widget-text-editor\" data-id=\"4daf9b9\" data-element_type=\"widget\" data-e-type=\"widget\" data-widget_type=\"text-editor.default\">\n\t\t\t\t<div class=\"elementor-widget-container\">\n\t\t\t\t\t\t\t\t\t<p>Mit der\u00a0<strong>Reporting-App<\/strong>\u00a0von myVectron \u00fcberblicken Sie jederzeit, wie es Ihrem Business geht. Die Echtzeit-Datenbasis der mobilen Anwendung gibt Ihnen zuverl\u00e4ssige Impulse f\u00fcr schnelle Reaktionen im Bedarfsfall und h\u00e4lt Sie stets \u00fcber den Status quo Ihres Gesch\u00e4fts auf dem Laufenden. Das klar strukturierte Dashboard offenbart Spitzenprodukte, Spitzenmitarbeiter und Spitzenzeiten, gestattet Umsatzprognosen, Intervallvergleiche und die Betrachtung vieler weiterer Parameter auch \u00fcber mehrere Filialen hinweg. So hilft Ihnen unsere mobile\u00a0<strong>Reporting-App<\/strong>\u00a0zu mehr \u00dcberblick und Kontrolle zu jeder Zeit an jedem Ort.<\/p>\t\t\t\t\t\t\t\t<\/div>\n\t\t\t\t<\/div>\n\t\t\t\t\t<\/div>\n\t\t\t\t<\/div>\n\t\t\t\t\t<\/div>\n\t\t\t\t<\/div>\n\t\t<div class=\"elementor-element elementor-element-929541d e-flex e-con-boxed e-con e-parent\" data-id=\"929541d\" data-element_type=\"container\" data-e-type=\"container\">\n\t\t\t\t\t<div class=\"e-con-inner\">\n\t\t<div class=\"elementor-element elementor-element-662b61d e-flex e-con-boxed e-con e-child\" data-id=\"662b61d\" data-element_type=\"container\" data-e-type=\"container\">\n\t\t\t\t\t<div class=\"e-con-inner\">\n\t\t\t\t<div class=\"elementor-element elementor-element-005f1e8 elementor-widget elementor-widget-heading\" data-id=\"005f1e8\" data-element_type=\"widget\" data-e-type=\"widget\" data-widget_type=\"heading.default\">\n\t\t\t\t<div class=\"elementor-widget-container\">\n\t\t\t\t\t<h2 class=\"elementor-heading-title elementor-size-default\">Top Features<\/h2>\t\t\t\t<\/div>\n\t\t\t\t<\/div>\n\t\t\t\t\t<\/div>\n\t\t\t\t<\/div>\n\t\t<div class=\"elementor-element elementor-element-45326ae e-flex e-con-boxed e-con e-child\" data-id=\"45326ae\" data-element_type=\"container\" data-e-type=\"container\">\n\t\t\t\t\t<div class=\"e-con-inner\">\n\t\t<div class=\"elementor-element elementor-element-e094478 e-con-full e-flex e-con e-child\" data-id=\"e094478\" data-element_type=\"container\" data-e-type=\"container\">\n\t\t\t\t<div class=\"elementor-element elementor-element-7387f81 elementor-widget elementor-widget-heading\" data-id=\"7387f81\" data-element_type=\"widget\" data-e-type=\"widget\" data-widget_type=\"heading.default\">\n\t\t\t\t<div class=\"elementor-widget-container\">\n\t\t\t\t\t<h2 class=\"elementor-heading-title elementor-size-default\">Tagesumsatz<\/h2>\t\t\t\t<\/div>\n\t\t\t\t<\/div>\n\t\t\t\t<div class=\"elementor-element elementor-element-d11c1e1 elementor-widget elementor-widget-text-editor\" data-id=\"d11c1e1\" data-element_type=\"widget\" data-e-type=\"widget\" data-widget_type=\"text-editor.default\">\n\t\t\t\t<div class=\"elementor-widget-container\">\n\t\t\t\t\t\t\t\t\t<p>Pr\u00fcfen Sie Ihren Tages- oder Stundenumsatz f\u00fcr das ganze Unternehmen oder eine bestimmte Filiale und vergleichen Sie die aktuellen Werte mit Daten von Referenztagen.<\/p>\t\t\t\t\t\t\t\t<\/div>\n\t\t\t\t<\/div>\n\t\t\t\t<div class=\"elementor-element elementor-element-cbd93dc elementor-widget elementor-widget-heading\" data-id=\"cbd93dc\" data-element_type=\"widget\" data-e-type=\"widget\" data-widget_type=\"heading.default\">\n\t\t\t\t<div class=\"elementor-widget-container\">\n\t\t\t\t\t<h2 class=\"elementor-heading-title elementor-size-default\">Umsatzverlauf<\/h2>\t\t\t\t<\/div>\n\t\t\t\t<\/div>\n\t\t\t\t<div class=\"elementor-element elementor-element-39727b5 elementor-widget elementor-widget-text-editor\" data-id=\"39727b5\" data-element_type=\"widget\" data-e-type=\"widget\" data-widget_type=\"text-editor.default\">\n\t\t\t\t<div class=\"elementor-widget-container\">\n\t\t\t\t\t\t\t\t\t<p>Nutzen Sie den detaillierten Umsatz-Chart auf Stundenbasis, etwa zur exakten Personalplanung, und identifizieren Sie neben Umsatzspitzen auch die umsatzschwachen Phasen, den Stundendurchschnitt und den Vorwochenwert.<\/p>\t\t\t\t\t\t\t\t<\/div>\n\t\t\t\t<\/div>\n\t\t\t\t<div class=\"elementor-element elementor-element-b42e3ad elementor-widget elementor-widget-heading\" data-id=\"b42e3ad\" data-element_type=\"widget\" data-e-type=\"widget\" data-widget_type=\"heading.default\">\n\t\t\t\t<div class=\"elementor-widget-container\">\n\t\t\t\t\t<h2 class=\"elementor-heading-title elementor-size-default\">Top-Artikel<\/h2>\t\t\t\t<\/div>\n\t\t\t\t<\/div>\n\t\t\t\t<div class=\"elementor-element elementor-element-f872109 elementor-widget elementor-widget-text-editor\" data-id=\"f872109\" data-element_type=\"widget\" data-e-type=\"widget\" data-widget_type=\"text-editor.default\">\n\t\t\t\t<div class=\"elementor-widget-container\">\n\t\t\t\t\t\t\t\t\t<p>Mit der myVectron Reporting-App erkennen Sie die Bestseller jeder einzelnen Filiale oder unternehmensweit nach verkauften St\u00fcck und ihrem jeweiligen Anteil am Gesamtumsatz.<\/p>\t\t\t\t\t\t\t\t<\/div>\n\t\t\t\t<\/div>\n\t\t\t\t<\/div>\n\t\t<div class=\"elementor-element elementor-element-b49c36f e-con-full e-flex e-con e-child\" data-id=\"b49c36f\" data-element_type=\"container\" data-e-type=\"container\">\n\t\t\t\t<div class=\"elementor-element elementor-element-b68dc04 elementor-widget elementor-widget-image\" data-id=\"b68dc04\" data-element_type=\"widget\" data-e-type=\"widget\" data-widget_type=\"image.default\">\n\t\t\t\t<div class=\"elementor-widget-container\">\n\t\t\t\t\t\t\t\t\t\t\t\t\t\t\t<img fetchpriority=\"high\" decoding=\"async\" width=\"522\" height=\"945\" src=\"https:\/\/pts-kassen.de\/wp-content\/uploads\/2024\/01\/081220_Reporting-App_Big_Screen.webp\" class=\"attachment-full size-full wp-image-875\" alt=\"\" srcset=\"https:\/\/pts-kassen.de\/wp-content\/uploads\/2024\/01\/081220_Reporting-App_Big_Screen.webp 522w, https:\/\/pts-kassen.de\/wp-content\/uploads\/2024\/01\/081220_Reporting-App_Big_Screen-166x300.webp 166w\" sizes=\"(max-width: 522px) 100vw, 522px\" \/>\t\t\t\t\t\t\t\t\t\t\t\t\t\t\t<\/div>\n\t\t\t\t<\/div>\n\t\t\t\t<\/div>\n\t\t<div class=\"elementor-element elementor-element-93fc0d1 e-con-full e-flex e-con e-child\" data-id=\"93fc0d1\" data-element_type=\"container\" data-e-type=\"container\">\n\t\t\t\t<div class=\"elementor-element elementor-element-1c47b3f elementor-widget elementor-widget-heading\" data-id=\"1c47b3f\" data-element_type=\"widget\" data-e-type=\"widget\" data-widget_type=\"heading.default\">\n\t\t\t\t<div class=\"elementor-widget-container\">\n\t\t\t\t\t<h2 class=\"elementor-heading-title elementor-size-default\">Historische Daten<\/h2>\t\t\t\t<\/div>\n\t\t\t\t<\/div>\n\t\t\t\t<div class=\"elementor-element elementor-element-b0c53e9 elementor-widget elementor-widget-text-editor\" data-id=\"b0c53e9\" data-element_type=\"widget\" data-e-type=\"widget\" data-widget_type=\"text-editor.default\">\n\t\t\t\t<div class=\"elementor-widget-container\">\n\t\t\t\t\t\t\t\t\t<p>Planen Sie die Zukunft mit Blick auf die Vergangenheit und betrachten Sie die Performance-Indikatoren Ihres Unternehmens \u00fcber verschiedene Zeitr\u00e4ume und Tage.<\/p>\t\t\t\t\t\t\t\t<\/div>\n\t\t\t\t<\/div>\n\t\t\t\t<div class=\"elementor-element elementor-element-d0d6a8b elementor-widget elementor-widget-heading\" data-id=\"d0d6a8b\" data-element_type=\"widget\" data-e-type=\"widget\" data-widget_type=\"heading.default\">\n\t\t\t\t<div class=\"elementor-widget-container\">\n\t\t\t\t\t<h2 class=\"elementor-heading-title elementor-size-default\">Umsatzprognosen<\/h2>\t\t\t\t<\/div>\n\t\t\t\t<\/div>\n\t\t\t\t<div class=\"elementor-element elementor-element-4d0a54e elementor-widget elementor-widget-text-editor\" data-id=\"4d0a54e\" data-element_type=\"widget\" data-e-type=\"widget\" data-widget_type=\"text-editor.default\">\n\t\t\t\t<div class=\"elementor-widget-container\">\n\t\t\t\t\t\t\t\t\t<p>Grafisch aufbereitet zeigt Ihnen die myVectron Reporting App den Trendverlauf nebst Umsatz-Forecast an und gibt Ihnen eine wertvolle Entscheidungshilfe mit Echtzeit-Daten aus Ihrer Kasse zur Hand.<\/p>\t\t\t\t\t\t\t\t<\/div>\n\t\t\t\t<\/div>\n\t\t\t\t<div class=\"elementor-element elementor-element-a96cd88 elementor-widget elementor-widget-heading\" data-id=\"a96cd88\" data-element_type=\"widget\" data-e-type=\"widget\" data-widget_type=\"heading.default\">\n\t\t\t\t<div class=\"elementor-widget-container\">\n\t\t\t\t\t<h2 class=\"elementor-heading-title elementor-size-default\">Charts und Analytics<\/h2>\t\t\t\t<\/div>\n\t\t\t\t<\/div>\n\t\t\t\t<div class=\"elementor-element elementor-element-c1bfda9 elementor-widget elementor-widget-text-editor\" data-id=\"c1bfda9\" data-element_type=\"widget\" data-e-type=\"widget\" data-widget_type=\"text-editor.default\">\n\t\t\t\t<div class=\"elementor-widget-container\">\n\t\t\t\t\t\t\t\t\t<p>Neben dem Tagesumsatz analysieren Sie mit der App viele weitere Parameter per intuitiver Grafik. So erfassen Sie Korrelationen wie den Umsatz pro Bediener und zahllose andere Indikatoren auf einen Blick.<\/p>\t\t\t\t\t\t\t\t<\/div>\n\t\t\t\t<\/div>\n\t\t\t\t<\/div>\n\t\t\t\t\t<\/div>\n\t\t\t\t<\/div>\n\t\t<div class=\"elementor-element elementor-element-a341d46 e-flex e-con-boxed e-con e-child\" data-id=\"a341d46\" data-element_type=\"container\" data-e-type=\"container\">\n\t\t\t\t\t<div class=\"e-con-inner\">\n\t\t<div class=\"elementor-element elementor-element-ecaaf60 e-flex e-con-boxed e-con e-child\" data-id=\"ecaaf60\" data-element_type=\"container\" data-e-type=\"container\">\n\t\t\t\t\t<div class=\"e-con-inner\">\n\t\t\t\t<div class=\"elementor-element elementor-element-14b8446 elementor-widget elementor-widget-accordion\" data-id=\"14b8446\" data-element_type=\"widget\" data-e-type=\"widget\" data-widget_type=\"accordion.default\">\n\t\t\t\t<div class=\"elementor-widget-container\">\n\t\t\t\t\t\t\t<div class=\"elementor-accordion\">\n\t\t\t\t\t\t\t<div class=\"elementor-accordion-item\">\n\t\t\t\t\t<div id=\"elementor-tab-title-2171\" class=\"elementor-tab-title\" data-tab=\"1\" role=\"button\" aria-controls=\"elementor-tab-content-2171\" aria-expanded=\"false\">\n\t\t\t\t\t\t\t\t\t\t\t\t\t<span class=\"elementor-accordion-icon elementor-accordion-icon-right\" aria-hidden=\"true\">\n\t\t\t\t\t\t\t\t\t\t\t\t\t\t\t<span class=\"elementor-accordion-icon-closed\"><svg class=\"e-font-icon-svg e-fas-chevron-down\" viewBox=\"0 0 448 512\" xmlns=\"http:\/\/www.w3.org\/2000\/svg\"><path d=\"M207.029 381.476L12.686 187.132c-9.373-9.373-9.373-24.569 0-33.941l22.667-22.667c9.357-9.357 24.522-9.375 33.901-.04L224 284.505l154.745-154.021c9.379-9.335 24.544-9.317 33.901.04l22.667 22.667c9.373 9.373 9.373 24.569 0 33.941L240.971 381.476c-9.373 9.372-24.569 9.372-33.942 0z\"><\/path><\/svg><\/span>\n\t\t\t\t\t\t\t\t<span class=\"elementor-accordion-icon-opened\"><svg class=\"e-font-icon-svg e-fas-minus\" viewBox=\"0 0 448 512\" xmlns=\"http:\/\/www.w3.org\/2000\/svg\"><path d=\"M416 208H32c-17.67 0-32 14.33-32 32v32c0 17.67 14.33 32 32 32h384c17.67 0 32-14.33 32-32v-32c0-17.67-14.33-32-32-32z\"><\/path><\/svg><\/span>\n\t\t\t\t\t\t\t\t\t\t\t\t\t\t<\/span>\n\t\t\t\t\t\t\t\t\t\t\t\t<a class=\"elementor-accordion-title\" tabindex=\"0\">Alle Features<\/a>\n\t\t\t\t\t<\/div>\n\t\t\t\t\t<div id=\"elementor-tab-content-2171\" class=\"elementor-tab-content elementor-clearfix\" data-tab=\"1\" role=\"region\" aria-labelledby=\"elementor-tab-title-2171\"><p><strong>Die myVectron-App beinhaltet die folgenden Auswertungen:<\/strong><\/p><ul class=\"list--dots\"><li>Tagesums\u00e4tze unternehmensweit und filialbezogen inklusive Werten vom Vergleichstag<\/li><li>Anzahl der bisherigen Rechnungen\/Kunden<\/li><li>Umsatzprognosen, Trends und Hochrechnungen inklusive Grafik\u00a0<\/li><li>Umsatzverlauf auf Stundenbasis als Chart plus Anzeige bester, schlechtester und durchschnittlicher Stunde inklusive Vorwochenvergleich<\/li><li>Shopliste: Liste aller Filialen mit aktuellem Umsatz, Rechnungen, Bedienern, Trend und erwartetem Gesamt-Tagesumsatz<\/li><li>Anzahl und Performance von Bedienern<\/li><li>Unternehmensweite Top 10 der Artikelverk\u00e4ufe nach Umsatz oder Anzahl sowie prozentualer Anteil am Gesamtverkauf<\/li><li>Umsatzdifferenz zwischen Top 1 und Top 5<\/li><li>Anzeige, welches Produkt sich in welcher Filiale am besten verkauft<\/li><li>Benutzerdefinierte Watchlist f\u00fcr 10 Artikel<\/li><li>Offene Ums\u00e4tze\/Tische pro Filiale und unternehmensweit\u00a0<\/li><li>Zugriff auf historische Daten mit umfangreichen Filterm\u00f6glichkeiten<\/li><\/ul><p><strong>Charts auf Filialbasis:<\/strong><\/p><ul class=\"list--dots\"><li>Tagesumsatz<\/li><li>Rechnungen<\/li><li>Umsatz pro Bediener<\/li><li>Umsatz pro Rechnung<\/li><li>Umsatzranking aller Bediener<\/li><li>Umsatzranking aller Produkte<\/li><li>Umsatz eines Produkts pro Stunde<\/li><\/ul><\/div>\n\t\t\t\t<\/div>\n\t\t\t\t\t\t\t\t\t\t<script type=\"application\/ld+json\">{\"@context\":\"https:\\\/\\\/schema.org\",\"@type\":\"FAQPage\",\"mainEntity\":[{\"@type\":\"Question\",\"name\":\"Alle Features\",\"acceptedAnswer\":{\"@type\":\"Answer\",\"text\":\"<p><strong>Die myVectron-App beinhaltet die folgenden Auswertungen:<\\\/strong><\\\/p><ul class=\\\"list--dots\\\"><li>Tagesums\\u00e4tze unternehmensweit und filialbezogen inklusive Werten vom Vergleichstag<\\\/li><li>Anzahl der bisherigen Rechnungen\\\/Kunden<\\\/li><li>Umsatzprognosen, Trends und Hochrechnungen inklusive Grafik\\u00a0<\\\/li><li>Umsatzverlauf auf Stundenbasis als Chart plus Anzeige bester, schlechtester und durchschnittlicher Stunde inklusive Vorwochenvergleich<\\\/li><li>Shopliste: Liste aller Filialen mit aktuellem Umsatz, Rechnungen, Bedienern, Trend und erwartetem Gesamt-Tagesumsatz<\\\/li><li>Anzahl und Performance von Bedienern<\\\/li><li>Unternehmensweite Top 10 der Artikelverk\\u00e4ufe nach Umsatz oder Anzahl sowie prozentualer Anteil am Gesamtverkauf<\\\/li><li>Umsatzdifferenz zwischen Top 1 und Top 5<\\\/li><li>Anzeige, welches Produkt sich in welcher Filiale am besten verkauft<\\\/li><li>Benutzerdefinierte Watchlist f\\u00fcr 10 Artikel<\\\/li><li>Offene Ums\\u00e4tze\\\/Tische pro Filiale und unternehmensweit\\u00a0<\\\/li><li>Zugriff auf historische Daten mit umfangreichen Filterm\\u00f6glichkeiten<\\\/li><\\\/ul><p><strong>Charts auf Filialbasis:<\\\/strong><\\\/p><ul class=\\\"list--dots\\\"><li>Tagesumsatz<\\\/li><li>Rechnungen<\\\/li><li>Umsatz pro Bediener<\\\/li><li>Umsatz pro Rechnung<\\\/li><li>Umsatzranking aller Bediener<\\\/li><li>Umsatzranking aller Produkte<\\\/li><li>Umsatz eines Produkts pro Stunde<\\\/li><\\\/ul>\"}}]}<\/script>\n\t\t\t\t\t<\/div>\n\t\t\t\t\t\t<\/div>\n\t\t\t\t<\/div>\n\t\t\t\t\t<\/div>\n\t\t\t\t<\/div>\n\t\t\t\t\t<\/div>\n\t\t\t\t<\/div>\n\t\t\t\t\t<\/div>\n\t\t\t\t<\/div>\n\t\t<div class=\"elementor-element elementor-element-6e8eb73 e-flex e-con-boxed e-con e-parent\" data-id=\"6e8eb73\" data-element_type=\"container\" data-e-type=\"container\" data-settings=\"{&quot;background_background&quot;:&quot;classic&quot;}\">\n\t\t\t\t\t<div class=\"e-con-inner\">\n\t\t<div class=\"elementor-element elementor-element-11a3d74 e-flex e-con-boxed e-con e-child\" data-id=\"11a3d74\" data-element_type=\"container\" data-e-type=\"container\">\n\t\t\t\t\t<div class=\"e-con-inner\">\n\t\t<div class=\"elementor-element elementor-element-9787d5c e-flex e-con-boxed e-con e-child\" data-id=\"9787d5c\" data-element_type=\"container\" data-e-type=\"container\">\n\t\t\t\t\t<div class=\"e-con-inner\">\n\t\t\t\t<div class=\"elementor-element elementor-element-e2ee78e elementor-widget elementor-widget-text-editor\" data-id=\"e2ee78e\" data-element_type=\"widget\" data-e-type=\"widget\" data-widget_type=\"text-editor.default\">\n\t\t\t\t<div class=\"elementor-widget-container\">\n\t\t\t\t\t\t\t\t\t<p>Machen Sie den Test. Das kompakte Reporting-Tool f\u00fcr iOS- und Android-Ger\u00e4te steht jetzt als kostenlose Demo-Version zum Download bereit.\u00a0<\/p>\t\t\t\t\t\t\t\t<\/div>\n\t\t\t\t<\/div>\n\t\t<div class=\"elementor-element elementor-element-a29240e e-flex e-con-boxed e-con e-child\" data-id=\"a29240e\" data-element_type=\"container\" data-e-type=\"container\">\n\t\t\t\t\t<div class=\"e-con-inner\">\n\t\t<div class=\"elementor-element elementor-element-d45cafe e-flex e-con-boxed e-con e-child\" data-id=\"d45cafe\" data-element_type=\"container\" data-e-type=\"container\">\n\t\t\t\t\t<div class=\"e-con-inner\">\n\t\t<div class=\"elementor-element elementor-element-5418408 e-flex e-con-boxed e-con e-child\" data-id=\"5418408\" data-element_type=\"container\" data-e-type=\"container\">\n\t\t\t\t\t<div class=\"e-con-inner\">\n\t\t\t\t<div class=\"elementor-element elementor-element-42b68f5 elementor-widget elementor-widget-image\" data-id=\"42b68f5\" data-element_type=\"widget\" data-e-type=\"widget\" data-widget_type=\"image.default\">\n\t\t\t\t<div class=\"elementor-widget-container\">\n\t\t\t\t\t\t\t\t\t\t\t\t\t\t\t\t<a href=\"https:\/\/apps.apple.com\/de\/app\/myvectron\/id1184916186\" target=\"_blank\" rel=\"noopener\">\n\t\t\t\t\t\t\t<img decoding=\"async\" width=\"200\" height=\"60\" src=\"https:\/\/pts-kassen.de\/wp-content\/uploads\/2024\/01\/20190228_app-store_200x60.svg\" class=\"attachment-full size-full wp-image-866\" alt=\"\" \/>\t\t\t\t\t\t\t\t<\/a>\n\t\t\t\t\t\t\t\t\t\t\t\t\t\t\t<\/div>\n\t\t\t\t<\/div>\n\t\t\t\t<div class=\"elementor-element elementor-element-5170695 elementor-widget elementor-widget-image\" data-id=\"5170695\" data-element_type=\"widget\" data-e-type=\"widget\" data-widget_type=\"image.default\">\n\t\t\t\t<div class=\"elementor-widget-container\">\n\t\t\t\t\t\t\t\t\t\t\t\t\t\t\t\t<a href=\"https:\/\/play.google.com\/store\/apps\/details?id=de.vectron_systems_ag.myvectronapp&#038;pli=1\" target=\"_blank\" rel=\"noopener\">\n\t\t\t\t\t\t\t<img decoding=\"async\" width=\"200\" height=\"60\" src=\"https:\/\/pts-kassen.de\/wp-content\/uploads\/2024\/01\/20190228_play-store_200x60.svg\" class=\"attachment-full size-full wp-image-867\" alt=\"\" \/>\t\t\t\t\t\t\t\t<\/a>\n\t\t\t\t\t\t\t\t\t\t\t\t\t\t\t<\/div>\n\t\t\t\t<\/div>\n\t\t\t\t\t<\/div>\n\t\t\t\t<\/div>\n\t\t\t\t\t<\/div>\n\t\t\t\t<\/div>\n\t\t\t\t\t<\/div>\n\t\t\t\t<\/div>\n\t\t\t\t\t<\/div>\n\t\t\t\t<\/div>\n\t\t\t\t\t<\/div>\n\t\t\t\t<\/div>\n\t\t\t\t\t<\/div>\n\t\t\t\t<\/div>\n\t\t<div class=\"elementor-element elementor-element-efe81d3 e-flex e-con-boxed e-con e-parent\" data-id=\"efe81d3\" data-element_type=\"container\" data-e-type=\"container\" data-settings=\"{&quot;background_background&quot;:&quot;classic&quot;}\">\n\t\t\t\t\t<div class=\"e-con-inner\">\n\t\t\t\t<div class=\"elementor-element elementor-element-310ce76 elementor-widget elementor-widget-heading\" data-id=\"310ce76\" data-element_type=\"widget\" data-e-type=\"widget\" data-widget_type=\"heading.default\">\n\t\t\t\t<div class=\"elementor-widget-container\">\n\t\t\t\t\t<h2 class=\"elementor-heading-title elementor-size-default\">Kostenlose Beratung?<\/h2>\t\t\t\t<\/div>\n\t\t\t\t<\/div>\n\t\t\t\t<div class=\"elementor-element elementor-element-4583e34 elementor-widget elementor-widget-heading\" data-id=\"4583e34\" data-element_type=\"widget\" data-e-type=\"widget\" data-widget_type=\"heading.default\">\n\t\t\t\t<div class=\"elementor-widget-container\">\n\t\t\t\t\t<h6 class=\"elementor-heading-title elementor-size-default\">Pts Kassen ist immer f\u00fcr Sie da...<\/h6>\t\t\t\t<\/div>\n\t\t\t\t<\/div>\n\t\t\t\t<div class=\"elementor-element elementor-element-3015fa8 elementor-align-center elementor-widget elementor-widget-button\" data-id=\"3015fa8\" data-element_type=\"widget\" data-e-type=\"widget\" data-widget_type=\"button.default\">\n\t\t\t\t<div class=\"elementor-widget-container\">\n\t\t\t\t\t\t\t\t\t<div class=\"elementor-button-wrapper\">\n\t\t\t\t\t<a class=\"elementor-button elementor-button-link elementor-size-md\" href=\"http:\/\/kontakt\">\n\t\t\t\t\t\t<span class=\"elementor-button-content-wrapper\">\n\t\t\t\t\t\t\t\t\t<span class=\"elementor-button-text\">Kostenlosen Beratungstermin vereinbaren!<\/span>\n\t\t\t\t\t<\/span>\n\t\t\t\t\t<\/a>\n\t\t\t\t<\/div>\n\t\t\t\t\t\t\t\t<\/div>\n\t\t\t\t<\/div>\n\t\t\t\t\t<\/div>\n\t\t\t\t<\/div>\n\t\t\t\t<\/div>\n\t\t","protected":false},"excerpt":{"rendered":"<p>myVectron Reporting-App my business in my pocket Mit der\u00a0Reporting-App\u00a0von myVectron \u00fcberblicken Sie jederzeit, wie es Ihrem Business geht. Die Echtzeit-Datenbasis [&hellip;]<\/p>\n","protected":false},"author":3,"featured_media":0,"parent":660,"menu_order":0,"comment_status":"closed","ping_status":"closed","template":"","meta":{"site-sidebar-layout":"no-sidebar","site-content-layout":"","ast-site-content-layout":"full-width-container","site-content-style":"default","site-sidebar-style":"default","ast-global-header-display":"","ast-banner-title-visibility":"","ast-main-header-display":"","ast-hfb-above-header-display":"","ast-hfb-below-header-display":"","ast-hfb-mobile-header-display":"","site-post-title":"disabled","ast-breadcrumbs-content":"","ast-featured-img":"disabled","footer-sml-layout":"","ast-disable-related-posts":"","theme-transparent-header-meta":"","adv-header-id-meta":"","stick-header-meta":"","header-above-stick-meta":"","header-main-stick-meta":"","header-below-stick-meta":"","astra-migrate-meta-layouts":"default","ast-page-background-enabled":"default","ast-page-background-meta":{"desktop":{"background-color":"var(--ast-global-color-4)","background-image":"","background-repeat":"repeat","background-position":"center center","background-size":"auto","background-attachment":"scroll","background-type":"","background-media":"","overlay-type":"","overlay-color":"","overlay-opacity":"","overlay-gradient":""},"tablet":{"background-color":"","background-image":"","background-repeat":"repeat","background-position":"center center","background-size":"auto","background-attachment":"scroll","background-type":"","background-media":"","overlay-type":"","overlay-color":"","overlay-opacity":"","overlay-gradient":""},"mobile":{"background-color":"","background-image":"","background-repeat":"repeat","background-position":"center center","background-size":"auto","background-attachment":"scroll","background-type":"","background-media":"","overlay-type":"","overlay-color":"","overlay-opacity":"","overlay-gradient":""}},"ast-content-background-meta":{"desktop":{"background-color":"var(--ast-global-color-5)","background-image":"","background-repeat":"repeat","background-position":"center center","background-size":"auto","background-attachment":"scroll","background-type":"","background-media":"","overlay-type":"","overlay-color":"","overlay-opacity":"","overlay-gradient":""},"tablet":{"background-color":"var(--ast-global-color-5)","background-image":"","background-repeat":"repeat","background-position":"center center","background-size":"auto","background-attachment":"scroll","background-type":"","background-media":"","overlay-type":"","overlay-color":"","overlay-opacity":"","overlay-gradient":""},"mobile":{"background-color":"var(--ast-global-color-5)","background-image":"","background-repeat":"repeat","background-position":"center center","background-size":"auto","background-attachment":"scroll","background-type":"","background-media":"","overlay-type":"","overlay-color":"","overlay-opacity":"","overlay-gradient":""}},"footnotes":""},"class_list":["post-872","page","type-page","status-publish","hentry"],"_links":{"self":[{"href":"https:\/\/pts-kassen.de\/index.php\/wp-json\/wp\/v2\/pages\/872","targetHints":{"allow":["GET"]}}],"collection":[{"href":"https:\/\/pts-kassen.de\/index.php\/wp-json\/wp\/v2\/pages"}],"about":[{"href":"https:\/\/pts-kassen.de\/index.php\/wp-json\/wp\/v2\/types\/page"}],"author":[{"embeddable":true,"href":"https:\/\/pts-kassen.de\/index.php\/wp-json\/wp\/v2\/users\/3"}],"replies":[{"embeddable":true,"href":"https:\/\/pts-kassen.de\/index.php\/wp-json\/wp\/v2\/comments?post=872"}],"version-history":[{"count":13,"href":"https:\/\/pts-kassen.de\/index.php\/wp-json\/wp\/v2\/pages\/872\/revisions"}],"predecessor-version":[{"id":1207,"href":"https:\/\/pts-kassen.de\/index.php\/wp-json\/wp\/v2\/pages\/872\/revisions\/1207"}],"up":[{"embeddable":true,"href":"https:\/\/pts-kassen.de\/index.php\/wp-json\/wp\/v2\/pages\/660"}],"wp:attachment":[{"href":"https:\/\/pts-kassen.de\/index.php\/wp-json\/wp\/v2\/media?parent=872"}],"curies":[{"name":"wp","href":"https:\/\/api.w.org\/{rel}","templated":true}]}}