{"id":799,"date":"2024-01-25T10:51:52","date_gmt":"2024-01-25T10:51:52","guid":{"rendered":"https:\/\/pts-kassen.de\/?page_id=799"},"modified":"2024-02-09T08:30:01","modified_gmt":"2024-02-09T08:30:01","slug":"pos-touch-14-wide","status":"publish","type":"page","link":"https:\/\/pts-kassen.de\/index.php\/produkte\/pos-touch-14-wide\/","title":{"rendered":"POS Touch 14 Wide"},"content":{"rendered":"\t\t<div data-elementor-type=\"wp-page\" data-elementor-id=\"799\" class=\"elementor elementor-799\" data-elementor-post-type=\"page\">\n\t\t\t\t<div class=\"elementor-element elementor-element-96f5081 e-flex e-con-boxed e-con e-parent\" data-id=\"96f5081\" data-element_type=\"container\" data-e-type=\"container\" data-settings=\"{&quot;background_background&quot;:&quot;classic&quot;}\">\n\t\t\t\t\t<div class=\"e-con-inner\">\n\t\t\t\t<div class=\"elementor-element elementor-element-30d0be1 elementor-widget elementor-widget-image\" data-id=\"30d0be1\" data-element_type=\"widget\" data-e-type=\"widget\" data-widget_type=\"image.default\">\n\t\t\t\t<div class=\"elementor-widget-container\">\n\t\t\t\t\t\t\t\t\t\t\t\t\t\t\t<img fetchpriority=\"high\" decoding=\"async\" width=\"600\" height=\"600\" src=\"https:\/\/pts-kassen.de\/wp-content\/uploads\/2024\/01\/20181213_pt14wide_freisteller.webp\" class=\"attachment-full size-full wp-image-801\" alt=\"\" srcset=\"https:\/\/pts-kassen.de\/wp-content\/uploads\/2024\/01\/20181213_pt14wide_freisteller.webp 600w, https:\/\/pts-kassen.de\/wp-content\/uploads\/2024\/01\/20181213_pt14wide_freisteller-300x300.webp 300w, https:\/\/pts-kassen.de\/wp-content\/uploads\/2024\/01\/20181213_pt14wide_freisteller-150x150.webp 150w\" sizes=\"(max-width: 600px) 100vw, 600px\" \/>\t\t\t\t\t\t\t\t\t\t\t\t\t\t\t<\/div>\n\t\t\t\t<\/div>\n\t\t\t\t\t<\/div>\n\t\t\t\t<\/div>\n\t\t<div class=\"elementor-element elementor-element-e21781b e-flex e-con-boxed e-con e-parent\" data-id=\"e21781b\" data-element_type=\"container\" data-e-type=\"container\">\n\t\t\t\t\t<div class=\"e-con-inner\">\n\t\t<div class=\"elementor-element elementor-element-df7df49 e-flex e-con-boxed e-con e-child\" data-id=\"df7df49\" data-element_type=\"container\" data-e-type=\"container\">\n\t\t\t\t\t<div class=\"e-con-inner\">\n\t\t\t\t<div class=\"elementor-element elementor-element-8bf1800 elementor-widget elementor-widget-heading\" data-id=\"8bf1800\" data-element_type=\"widget\" data-e-type=\"widget\" data-widget_type=\"heading.default\">\n\t\t\t\t<div class=\"elementor-widget-container\">\n\t\t\t\t\t<h2 class=\"elementor-heading-title elementor-size-default\">POS Touch 14 Wide<\/h2>\t\t\t\t<\/div>\n\t\t\t\t<\/div>\n\t\t\t\t<div class=\"elementor-element elementor-element-3ee1bc3 elementor-widget elementor-widget-heading\" data-id=\"3ee1bc3\" data-element_type=\"widget\" data-e-type=\"widget\" data-widget_type=\"heading.default\">\n\t\t\t\t<div class=\"elementor-widget-container\">\n\t\t\t\t\t<h6 class=\"elementor-heading-title elementor-size-default\">Kassensystem im Widescreen-Format<\/h6>\t\t\t\t<\/div>\n\t\t\t\t<\/div>\n\t\t\t\t<div class=\"elementor-element elementor-element-52e4d3e elementor-widget elementor-widget-text-editor\" data-id=\"52e4d3e\" data-element_type=\"widget\" data-e-type=\"widget\" data-widget_type=\"text-editor.default\">\n\t\t\t\t<div class=\"elementor-widget-container\">\n\t\t\t\t\t\t\t\t\t<p>Auf diesem extrabreiten Display m\u00fcssen Bediener nicht lange scrollen, denn die\u00a0<strong>POS Touch 14 Wide<\/strong>\u00a0zeigt viele Funktionen bereits auf einen Blick. So finden sich Mitarbeiterinnen und Mitarbeiter in\u00a0B\u00e4ckereien, Friseursalons, der\u00a0Gastronomie\u00a0und an jedem anderen Point of Sale schnell und effizient im\u00a0<strong>Kassensystem<\/strong>\u00a0zurecht.<\/p>\t\t\t\t\t\t\t\t<\/div>\n\t\t\t\t<\/div>\n\t\t\t\t\t<\/div>\n\t\t\t\t<\/div>\n\t\t\t\t\t<\/div>\n\t\t\t\t<\/div>\n\t\t<div class=\"elementor-element elementor-element-6785c04 e-flex e-con-boxed e-con e-parent\" data-id=\"6785c04\" data-element_type=\"container\" data-e-type=\"container\" data-settings=\"{&quot;background_background&quot;:&quot;classic&quot;}\">\n\t\t\t\t\t<div class=\"e-con-inner\">\n\t\t<div class=\"elementor-element elementor-element-76bfc27 e-flex e-con-boxed e-con e-child\" data-id=\"76bfc27\" data-element_type=\"container\" data-e-type=\"container\">\n\t\t\t\t\t<div class=\"e-con-inner\">\n\t\t\t\t<div class=\"elementor-element elementor-element-06f78eb elementor-widget elementor-widget-heading\" data-id=\"06f78eb\" data-element_type=\"widget\" data-e-type=\"widget\" data-widget_type=\"heading.default\">\n\t\t\t\t<div class=\"elementor-widget-container\">\n\t\t\t\t\t<h2 class=\"elementor-heading-title elementor-size-default\">Verschlei\u00dffreier 14\" Touchscreen<\/h2>\t\t\t\t<\/div>\n\t\t\t\t<\/div>\n\t\t\t\t<div class=\"elementor-element elementor-element-5221452 elementor-widget elementor-widget-text-editor\" data-id=\"5221452\" data-element_type=\"widget\" data-e-type=\"widget\" data-widget_type=\"text-editor.default\">\n\t\t\t\t<div class=\"elementor-widget-container\">\n\t\t\t\t\t\t\t\t\t<p>Intuitive Wischgesten und Ber\u00fchrungen des kapazitiven, 35,8 cm messenden Displays steuern das\u00a0<strong>Vectron-Kassensystem POS Touch 14 Wide<\/strong>. Das robuste, kratzfeste Breitbild-Bedienfeld der Standkasse ist staub- und wasserdicht in einen Rahmen mit LED-Backlight integriert.<\/p>\t\t\t\t\t\t\t\t<\/div>\n\t\t\t\t<\/div>\n\t\t\t\t\t<\/div>\n\t\t\t\t<\/div>\n\t\t<div class=\"elementor-element elementor-element-b3ab40c e-flex e-con-boxed e-con e-child\" data-id=\"b3ab40c\" data-element_type=\"container\" data-e-type=\"container\">\n\t\t\t\t\t<div class=\"e-con-inner\">\n\t\t\t\t<div class=\"elementor-element elementor-element-2b0e661 elementor-widget elementor-widget-image\" data-id=\"2b0e661\" data-element_type=\"widget\" data-e-type=\"widget\" data-widget_type=\"image.default\">\n\t\t\t\t<div class=\"elementor-widget-container\">\n\t\t\t\t\t\t\t\t\t\t\t\t\t\t\t<img decoding=\"async\" width=\"570\" height=\"310\" src=\"https:\/\/pts-kassen.de\/wp-content\/uploads\/2024\/01\/20190222_pt14w_01.webp\" class=\"attachment-full size-full wp-image-802\" alt=\"\" srcset=\"https:\/\/pts-kassen.de\/wp-content\/uploads\/2024\/01\/20190222_pt14w_01.webp 570w, https:\/\/pts-kassen.de\/wp-content\/uploads\/2024\/01\/20190222_pt14w_01-300x163.webp 300w\" sizes=\"(max-width: 570px) 100vw, 570px\" \/>\t\t\t\t\t\t\t\t\t\t\t\t\t\t\t<\/div>\n\t\t\t\t<\/div>\n\t\t\t\t\t<\/div>\n\t\t\t\t<\/div>\n\t\t\t\t\t<\/div>\n\t\t\t\t<\/div>\n\t\t<div class=\"elementor-element elementor-element-6285cb0 e-flex e-con-boxed e-con e-parent\" data-id=\"6285cb0\" data-element_type=\"container\" data-e-type=\"container\" data-settings=\"{&quot;background_background&quot;:&quot;classic&quot;}\">\n\t\t\t\t\t<div class=\"e-con-inner\">\n\t\t<div class=\"elementor-element elementor-element-e226a00 e-flex e-con-boxed e-con e-child\" data-id=\"e226a00\" data-element_type=\"container\" data-e-type=\"container\">\n\t\t\t\t\t<div class=\"e-con-inner\">\n\t\t\t\t<div class=\"elementor-element elementor-element-095a1bb elementor-widget elementor-widget-image\" data-id=\"095a1bb\" data-element_type=\"widget\" data-e-type=\"widget\" data-widget_type=\"image.default\">\n\t\t\t\t<div class=\"elementor-widget-container\">\n\t\t\t\t\t\t\t\t\t\t\t\t\t\t\t<img decoding=\"async\" width=\"570\" height=\"310\" src=\"https:\/\/pts-kassen.de\/wp-content\/uploads\/2024\/01\/20190222_pt14w_03b.webp\" class=\"attachment-full size-full wp-image-803\" alt=\"\" srcset=\"https:\/\/pts-kassen.de\/wp-content\/uploads\/2024\/01\/20190222_pt14w_03b.webp 570w, https:\/\/pts-kassen.de\/wp-content\/uploads\/2024\/01\/20190222_pt14w_03b-300x163.webp 300w\" sizes=\"(max-width: 570px) 100vw, 570px\" \/>\t\t\t\t\t\t\t\t\t\t\t\t\t\t\t<\/div>\n\t\t\t\t<\/div>\n\t\t\t\t\t<\/div>\n\t\t\t\t<\/div>\n\t\t<div class=\"elementor-element elementor-element-3c5a605 e-flex e-con-boxed e-con e-child\" data-id=\"3c5a605\" data-element_type=\"container\" data-e-type=\"container\">\n\t\t\t\t\t<div class=\"e-con-inner\">\n\t\t\t\t<div class=\"elementor-element elementor-element-fb8f20f elementor-widget elementor-widget-heading\" data-id=\"fb8f20f\" data-element_type=\"widget\" data-e-type=\"widget\" data-widget_type=\"heading.default\">\n\t\t\t\t<div class=\"elementor-widget-container\">\n\t\t\t\t\t<h2 class=\"elementor-heading-title elementor-size-default\">Entworfen f\u00fcr h\u00f6chsten Bedienkomfort<\/h2>\t\t\t\t<\/div>\n\t\t\t\t<\/div>\n\t\t\t\t<div class=\"elementor-element elementor-element-e976d1e elementor-widget elementor-widget-text-editor\" data-id=\"e976d1e\" data-element_type=\"widget\" data-e-type=\"widget\" data-widget_type=\"text-editor.default\">\n\t\t\t\t<div class=\"elementor-widget-container\">\n\t\t\t\t\t\t\t\t\t<p>Das Design der\u00a0<strong>POS Touch 14 Wide<\/strong>\u00a0erf\u00fcllt nicht nur \u00e4sthetische Anspr\u00fcche, sondern selbst gehobene funktionale und ergonomische Userbed\u00fcrfnisse. Unterst\u00fctzt wird das Personal am Point of Sale unter anderem durch intuitive Touch- und Gestensteuerung und individualisierbare User-Interfaces.<\/p>\t\t\t\t\t\t\t\t<\/div>\n\t\t\t\t<\/div>\n\t\t\t\t\t<\/div>\n\t\t\t\t<\/div>\n\t\t\t\t\t<\/div>\n\t\t\t\t<\/div>\n\t\t<div class=\"elementor-element elementor-element-a151862 e-flex e-con-boxed e-con e-parent\" data-id=\"a151862\" data-element_type=\"container\" data-e-type=\"container\" data-settings=\"{&quot;background_background&quot;:&quot;classic&quot;}\">\n\t\t\t\t\t<div class=\"e-con-inner\">\n\t\t<div class=\"elementor-element elementor-element-6519d94 e-flex e-con-boxed e-con e-child\" data-id=\"6519d94\" data-element_type=\"container\" data-e-type=\"container\">\n\t\t\t\t\t<div class=\"e-con-inner\">\n\t\t\t\t<div class=\"elementor-element elementor-element-cc18dc1 elementor-widget elementor-widget-heading\" data-id=\"cc18dc1\" data-element_type=\"widget\" data-e-type=\"widget\" data-widget_type=\"heading.default\">\n\t\t\t\t<div class=\"elementor-widget-container\">\n\t\t\t\t\t<h2 class=\"elementor-heading-title elementor-size-default\">Ausfallsicher und robust<\/h2>\t\t\t\t<\/div>\n\t\t\t\t<\/div>\n\t\t\t\t<div class=\"elementor-element elementor-element-6ac90b8 elementor-widget elementor-widget-text-editor\" data-id=\"6ac90b8\" data-element_type=\"widget\" data-e-type=\"widget\" data-widget_type=\"text-editor.default\">\n\t\t\t\t<div class=\"elementor-widget-container\">\n\t\t\t\t\t\t\t\t\t<p>F\u00fcnf Jahre Herstellergarantie unterstreichen das hohe Verarbeitungsniveau unserer High-End-Kassenger\u00e4te. Die robuste, staub- und spritzwassergesch\u00fctzt konstruierte\u00a0<strong>POS Touch 14 Wide<\/strong>\u00a0bringt Bedienkomfort, Ausfallsicherheit und maximale Kassenperformance auch in hygienisch herausfordernde Umgebungen.\u00a0<\/p>\t\t\t\t\t\t\t\t<\/div>\n\t\t\t\t<\/div>\n\t\t\t\t\t<\/div>\n\t\t\t\t<\/div>\n\t\t<div class=\"elementor-element elementor-element-53d627e e-flex e-con-boxed e-con e-child\" data-id=\"53d627e\" data-element_type=\"container\" data-e-type=\"container\">\n\t\t\t\t\t<div class=\"e-con-inner\">\n\t\t\t\t<div class=\"elementor-element elementor-element-50fc30d elementor-widget elementor-widget-image\" data-id=\"50fc30d\" data-element_type=\"widget\" data-e-type=\"widget\" data-widget_type=\"image.default\">\n\t\t\t\t<div class=\"elementor-widget-container\">\n\t\t\t\t\t\t\t\t\t\t\t\t\t\t\t<img loading=\"lazy\" decoding=\"async\" width=\"570\" height=\"310\" src=\"https:\/\/pts-kassen.de\/wp-content\/uploads\/2024\/01\/20190222_pt14w_02.webp\" class=\"attachment-full size-full wp-image-804\" alt=\"\" srcset=\"https:\/\/pts-kassen.de\/wp-content\/uploads\/2024\/01\/20190222_pt14w_02.webp 570w, https:\/\/pts-kassen.de\/wp-content\/uploads\/2024\/01\/20190222_pt14w_02-300x163.webp 300w\" sizes=\"(max-width: 570px) 100vw, 570px\" \/>\t\t\t\t\t\t\t\t\t\t\t\t\t\t\t<\/div>\n\t\t\t\t<\/div>\n\t\t\t\t\t<\/div>\n\t\t\t\t<\/div>\n\t\t\t\t\t<\/div>\n\t\t\t\t<\/div>\n\t\t<div class=\"elementor-element elementor-element-06f3b5e e-flex e-con-boxed e-con e-parent\" data-id=\"06f3b5e\" data-element_type=\"container\" data-e-type=\"container\" data-settings=\"{&quot;background_background&quot;:&quot;classic&quot;}\">\n\t\t\t\t\t<div class=\"e-con-inner\">\n\t\t<div class=\"elementor-element elementor-element-2df10aa e-flex e-con-boxed e-con e-child\" data-id=\"2df10aa\" data-element_type=\"container\" data-e-type=\"container\">\n\t\t\t\t\t<div class=\"e-con-inner\">\n\t\t\t\t<div class=\"elementor-element elementor-element-2aca320 elementor-widget elementor-widget-image\" data-id=\"2aca320\" data-element_type=\"widget\" data-e-type=\"widget\" data-widget_type=\"image.default\">\n\t\t\t\t<div class=\"elementor-widget-container\">\n\t\t\t\t\t\t\t\t\t\t\t\t\t\t\t<img loading=\"lazy\" decoding=\"async\" width=\"570\" height=\"310\" src=\"https:\/\/pts-kassen.de\/wp-content\/uploads\/2024\/01\/20190222_pt14w_04_02.webp\" class=\"attachment-full size-full wp-image-805\" alt=\"\" srcset=\"https:\/\/pts-kassen.de\/wp-content\/uploads\/2024\/01\/20190222_pt14w_04_02.webp 570w, https:\/\/pts-kassen.de\/wp-content\/uploads\/2024\/01\/20190222_pt14w_04_02-300x163.webp 300w\" sizes=\"(max-width: 570px) 100vw, 570px\" \/>\t\t\t\t\t\t\t\t\t\t\t\t\t\t\t<\/div>\n\t\t\t\t<\/div>\n\t\t\t\t\t<\/div>\n\t\t\t\t<\/div>\n\t\t<div class=\"elementor-element elementor-element-f00eb9e e-flex e-con-boxed e-con e-child\" data-id=\"f00eb9e\" data-element_type=\"container\" data-e-type=\"container\">\n\t\t\t\t\t<div class=\"e-con-inner\">\n\t\t\t\t<div class=\"elementor-element elementor-element-63d6877 elementor-widget elementor-widget-heading\" data-id=\"63d6877\" data-element_type=\"widget\" data-e-type=\"widget\" data-widget_type=\"heading.default\">\n\t\t\t\t<div class=\"elementor-widget-container\">\n\t\t\t\t\t<h2 class=\"elementor-heading-title elementor-size-default\">High-End-Kassensystem<\/h2>\t\t\t\t<\/div>\n\t\t\t\t<\/div>\n\t\t\t\t<div class=\"elementor-element elementor-element-c8fb1eb elementor-widget elementor-widget-text-editor\" data-id=\"c8fb1eb\" data-element_type=\"widget\" data-e-type=\"widget\" data-widget_type=\"text-editor.default\">\n\t\t\t\t<div class=\"elementor-widget-container\">\n\t\t\t\t\t\t\t\t\t<p>Technisch \u00fcberzeugt die Widescreen-Kasse mit einem schnellen Prozessor f\u00fcr z\u00fcgige Rechenoperationen und latenzfreie Darstellungen auf dem 14,1&#8243;-Touchscreen. Zur Ausstattung geh\u00f6rt zudem ein komfortabel dimensionierter Speicher und eine USB-Schnittstelle zur optionalen Datensicherung auf USB-Sticks.<\/p>\t\t\t\t\t\t\t\t<\/div>\n\t\t\t\t<\/div>\n\t\t\t\t\t<\/div>\n\t\t\t\t<\/div>\n\t\t\t\t\t<\/div>\n\t\t\t\t<\/div>\n\t\t<div class=\"elementor-element elementor-element-6e8eb73 e-flex e-con-boxed e-con e-parent\" data-id=\"6e8eb73\" data-element_type=\"container\" data-e-type=\"container\" data-settings=\"{&quot;background_background&quot;:&quot;classic&quot;}\">\n\t\t\t\t\t<div class=\"e-con-inner\">\n\t\t<div class=\"elementor-element elementor-element-11a3d74 e-flex e-con-boxed e-con e-child\" data-id=\"11a3d74\" data-element_type=\"container\" data-e-type=\"container\">\n\t\t\t\t\t<div class=\"e-con-inner\">\n\t\t\t\t<div class=\"elementor-element elementor-element-7177828 elementor-pagination-position-outside elementor-widget elementor-widget-image-carousel\" data-id=\"7177828\" data-element_type=\"widget\" data-e-type=\"widget\" data-settings=\"{&quot;slides_to_show&quot;:&quot;4&quot;,&quot;navigation&quot;:&quot;dots&quot;,&quot;image_spacing_custom&quot;:{&quot;unit&quot;:&quot;px&quot;,&quot;size&quot;:10,&quot;sizes&quot;:[]},&quot;autoplay&quot;:&quot;yes&quot;,&quot;pause_on_hover&quot;:&quot;yes&quot;,&quot;pause_on_interaction&quot;:&quot;yes&quot;,&quot;autoplay_speed&quot;:5000,&quot;infinite&quot;:&quot;yes&quot;,&quot;speed&quot;:500,&quot;image_spacing_custom_tablet&quot;:{&quot;unit&quot;:&quot;px&quot;,&quot;size&quot;:&quot;&quot;,&quot;sizes&quot;:[]},&quot;image_spacing_custom_mobile&quot;:{&quot;unit&quot;:&quot;px&quot;,&quot;size&quot;:&quot;&quot;,&quot;sizes&quot;:[]}}\" data-widget_type=\"image-carousel.default\">\n\t\t\t\t<div class=\"elementor-widget-container\">\n\t\t\t\t\t\t\t<div class=\"elementor-image-carousel-wrapper swiper\" role=\"region\" aria-roledescription=\"carousel\" aria-label=\"Image Carousel\" dir=\"ltr\">\n\t\t\t<div class=\"elementor-image-carousel swiper-wrapper\" aria-live=\"off\">\n\t\t\t\t\t\t\t\t<div class=\"swiper-slide\" role=\"group\" aria-roledescription=\"slide\" aria-label=\"1 of 4\"><a data-elementor-open-lightbox=\"yes\" data-elementor-lightbox-slideshow=\"7177828\" data-elementor-lightbox-title=\"20190206_pt14_front\" data-e-action-hash=\"#elementor-action%3Aaction%3Dlightbox%26settings%3DeyJpZCI6ODA2LCJ1cmwiOiJodHRwczpcL1wvcHRzLWthc3Nlbi5kZVwvd3AtY29udGVudFwvdXBsb2Fkc1wvMjAyNFwvMDFcLzIwMTkwMjA2X3B0MTRfZnJvbnQud2VicCIsInNsaWRlc2hvdyI6IjcxNzc4MjgifQ%3D%3D\" href=\"https:\/\/pts-kassen.de\/wp-content\/uploads\/2024\/01\/20190206_pt14_front.webp\"><figure class=\"swiper-slide-inner\"><img decoding=\"async\" class=\"swiper-slide-image\" src=\"https:\/\/pts-kassen.de\/wp-content\/uploads\/2024\/01\/20190206_pt14_front.webp\" alt=\"20190206_pt14_front\" \/><\/figure><\/a><\/div><div class=\"swiper-slide\" role=\"group\" aria-roledescription=\"slide\" aria-label=\"2 of 4\"><a data-elementor-open-lightbox=\"yes\" data-elementor-lightbox-slideshow=\"7177828\" data-elementor-lightbox-title=\"20190206_pt14_seite\" data-e-action-hash=\"#elementor-action%3Aaction%3Dlightbox%26settings%3DeyJpZCI6ODA5LCJ1cmwiOiJodHRwczpcL1wvcHRzLWthc3Nlbi5kZVwvd3AtY29udGVudFwvdXBsb2Fkc1wvMjAyNFwvMDFcLzIwMTkwMjA2X3B0MTRfc2VpdGUud2VicCIsInNsaWRlc2hvdyI6IjcxNzc4MjgifQ%3D%3D\" href=\"https:\/\/pts-kassen.de\/wp-content\/uploads\/2024\/01\/20190206_pt14_seite.webp\"><figure class=\"swiper-slide-inner\"><img decoding=\"async\" class=\"swiper-slide-image\" src=\"https:\/\/pts-kassen.de\/wp-content\/uploads\/2024\/01\/20190206_pt14_seite.webp\" alt=\"20190206_pt14_seite\" \/><\/figure><\/a><\/div><div class=\"swiper-slide\" role=\"group\" aria-roledescription=\"slide\" aria-label=\"3 of 4\"><a data-elementor-open-lightbox=\"yes\" data-elementor-lightbox-slideshow=\"7177828\" data-elementor-lightbox-title=\"20190206_pt14_detail\" data-e-action-hash=\"#elementor-action%3Aaction%3Dlightbox%26settings%3DeyJpZCI6ODA4LCJ1cmwiOiJodHRwczpcL1wvcHRzLWthc3Nlbi5kZVwvd3AtY29udGVudFwvdXBsb2Fkc1wvMjAyNFwvMDFcLzIwMTkwMjA2X3B0MTRfZGV0YWlsLndlYnAiLCJzbGlkZXNob3ciOiI3MTc3ODI4In0%3D\" href=\"https:\/\/pts-kassen.de\/wp-content\/uploads\/2024\/01\/20190206_pt14_detail.webp\"><figure class=\"swiper-slide-inner\"><img decoding=\"async\" class=\"swiper-slide-image\" src=\"https:\/\/pts-kassen.de\/wp-content\/uploads\/2024\/01\/20190206_pt14_detail.webp\" alt=\"20190206_pt14_detail\" \/><\/figure><\/a><\/div><div class=\"swiper-slide\" role=\"group\" aria-roledescription=\"slide\" aria-label=\"4 of 4\"><a data-elementor-open-lightbox=\"yes\" data-elementor-lightbox-slideshow=\"7177828\" data-elementor-lightbox-title=\"20190206_pt14_mood\" data-e-action-hash=\"#elementor-action%3Aaction%3Dlightbox%26settings%3DeyJpZCI6ODA3LCJ1cmwiOiJodHRwczpcL1wvcHRzLWthc3Nlbi5kZVwvd3AtY29udGVudFwvdXBsb2Fkc1wvMjAyNFwvMDFcLzIwMTkwMjA2X3B0MTRfbW9vZC53ZWJwIiwic2xpZGVzaG93IjoiNzE3NzgyOCJ9\" href=\"https:\/\/pts-kassen.de\/wp-content\/uploads\/2024\/01\/20190206_pt14_mood.webp\"><figure class=\"swiper-slide-inner\"><img decoding=\"async\" class=\"swiper-slide-image\" src=\"https:\/\/pts-kassen.de\/wp-content\/uploads\/2024\/01\/20190206_pt14_mood.webp\" alt=\"20190206_pt14_mood\" \/><\/figure><\/a><\/div>\t\t\t<\/div>\n\t\t\t\t\t\t\t\n\t\t\t\t\t\t\t\t\t<div class=\"swiper-pagination\"><\/div>\n\t\t\t\t\t\t\t\t\t<\/div>\n\t\t\t\t\t\t<\/div>\n\t\t\t\t<\/div>\n\t\t\t\t\t<\/div>\n\t\t\t\t<\/div>\n\t\t\t\t\t<\/div>\n\t\t\t\t<\/div>\n\t\t<div class=\"elementor-element elementor-element-efe81d3 e-flex e-con-boxed e-con e-parent\" data-id=\"efe81d3\" data-element_type=\"container\" data-e-type=\"container\" data-settings=\"{&quot;background_background&quot;:&quot;classic&quot;}\">\n\t\t\t\t\t<div class=\"e-con-inner\">\n\t\t\t\t<div class=\"elementor-element elementor-element-310ce76 elementor-widget elementor-widget-heading\" data-id=\"310ce76\" data-element_type=\"widget\" data-e-type=\"widget\" data-widget_type=\"heading.default\">\n\t\t\t\t<div class=\"elementor-widget-container\">\n\t\t\t\t\t<h2 class=\"elementor-heading-title elementor-size-default\">Kostenlose Beratung?<\/h2>\t\t\t\t<\/div>\n\t\t\t\t<\/div>\n\t\t\t\t<div class=\"elementor-element elementor-element-4583e34 elementor-widget elementor-widget-heading\" data-id=\"4583e34\" data-element_type=\"widget\" data-e-type=\"widget\" data-widget_type=\"heading.default\">\n\t\t\t\t<div class=\"elementor-widget-container\">\n\t\t\t\t\t<h6 class=\"elementor-heading-title elementor-size-default\">Pts Kassen ist immer f\u00fcr Sie da...<\/h6>\t\t\t\t<\/div>\n\t\t\t\t<\/div>\n\t\t\t\t<div class=\"elementor-element elementor-element-3015fa8 elementor-align-center elementor-widget elementor-widget-button\" data-id=\"3015fa8\" data-element_type=\"widget\" data-e-type=\"widget\" data-widget_type=\"button.default\">\n\t\t\t\t<div class=\"elementor-widget-container\">\n\t\t\t\t\t\t\t\t\t<div class=\"elementor-button-wrapper\">\n\t\t\t\t\t<a class=\"elementor-button elementor-button-link elementor-size-md\" href=\"https:\/\/pts-kassen.de\/index.php\/kontakt\/\">\n\t\t\t\t\t\t<span class=\"elementor-button-content-wrapper\">\n\t\t\t\t\t\t\t\t\t<span class=\"elementor-button-text\">Kostenlosen Beratungstermin vereinbaren!<\/span>\n\t\t\t\t\t<\/span>\n\t\t\t\t\t<\/a>\n\t\t\t\t<\/div>\n\t\t\t\t\t\t\t\t<\/div>\n\t\t\t\t<\/div>\n\t\t\t\t\t<\/div>\n\t\t\t\t<\/div>\n\t\t\t\t<\/div>\n\t\t","protected":false},"excerpt":{"rendered":"<p>POS Touch 14 Wide Kassensystem im Widescreen-Format Auf diesem extrabreiten Display m\u00fcssen Bediener nicht lange scrollen, denn die\u00a0POS Touch 14 [&hellip;]<\/p>\n","protected":false},"author":3,"featured_media":0,"parent":660,"menu_order":0,"comment_status":"closed","ping_status":"closed","template":"","meta":{"site-sidebar-layout":"no-sidebar","site-content-layout":"","ast-site-content-layout":"full-width-container","site-content-style":"default","site-sidebar-style":"default","ast-global-header-display":"","ast-banner-title-visibility":"","ast-main-header-display":"","ast-hfb-above-header-display":"","ast-hfb-below-header-display":"","ast-hfb-mobile-header-display":"","site-post-title":"disabled","ast-breadcrumbs-content":"","ast-featured-img":"disabled","footer-sml-layout":"","ast-disable-related-posts":"","theme-transparent-header-meta":"","adv-header-id-meta":"","stick-header-meta":"","header-above-stick-meta":"","header-main-stick-meta":"","header-below-stick-meta":"","astra-migrate-meta-layouts":"default","ast-page-background-enabled":"default","ast-page-background-meta":{"desktop":{"background-color":"var(--ast-global-color-4)","background-image":"","background-repeat":"repeat","background-position":"center center","background-size":"auto","background-attachment":"scroll","background-type":"","background-media":"","overlay-type":"","overlay-color":"","overlay-opacity":"","overlay-gradient":""},"tablet":{"background-color":"","background-image":"","background-repeat":"repeat","background-position":"center center","background-size":"auto","background-attachment":"scroll","background-type":"","background-media":"","overlay-type":"","overlay-color":"","overlay-opacity":"","overlay-gradient":""},"mobile":{"background-color":"","background-image":"","background-repeat":"repeat","background-position":"center center","background-size":"auto","background-attachment":"scroll","background-type":"","background-media":"","overlay-type":"","overlay-color":"","overlay-opacity":"","overlay-gradient":""}},"ast-content-background-meta":{"desktop":{"background-color":"var(--ast-global-color-5)","background-image":"","background-repeat":"repeat","background-position":"center center","background-size":"auto","background-attachment":"scroll","background-type":"","background-media":"","overlay-type":"","overlay-color":"","overlay-opacity":"","overlay-gradient":""},"tablet":{"background-color":"var(--ast-global-color-5)","background-image":"","background-repeat":"repeat","background-position":"center center","background-size":"auto","background-attachment":"scroll","background-type":"","background-media":"","overlay-type":"","overlay-color":"","overlay-opacity":"","overlay-gradient":""},"mobile":{"background-color":"var(--ast-global-color-5)","background-image":"","background-repeat":"repeat","background-position":"center center","background-size":"auto","background-attachment":"scroll","background-type":"","background-media":"","overlay-type":"","overlay-color":"","overlay-opacity":"","overlay-gradient":""}},"footnotes":""},"class_list":["post-799","page","type-page","status-publish","hentry"],"_links":{"self":[{"href":"https:\/\/pts-kassen.de\/index.php\/wp-json\/wp\/v2\/pages\/799","targetHints":{"allow":["GET"]}}],"collection":[{"href":"https:\/\/pts-kassen.de\/index.php\/wp-json\/wp\/v2\/pages"}],"about":[{"href":"https:\/\/pts-kassen.de\/index.php\/wp-json\/wp\/v2\/types\/page"}],"author":[{"embeddable":true,"href":"https:\/\/pts-kassen.de\/index.php\/wp-json\/wp\/v2\/users\/3"}],"replies":[{"embeddable":true,"href":"https:\/\/pts-kassen.de\/index.php\/wp-json\/wp\/v2\/comments?post=799"}],"version-history":[{"count":10,"href":"https:\/\/pts-kassen.de\/index.php\/wp-json\/wp\/v2\/pages\/799\/revisions"}],"predecessor-version":[{"id":1219,"href":"https:\/\/pts-kassen.de\/index.php\/wp-json\/wp\/v2\/pages\/799\/revisions\/1219"}],"up":[{"embeddable":true,"href":"https:\/\/pts-kassen.de\/index.php\/wp-json\/wp\/v2\/pages\/660"}],"wp:attachment":[{"href":"https:\/\/pts-kassen.de\/index.php\/wp-json\/wp\/v2\/media?parent=799"}],"curies":[{"name":"wp","href":"https:\/\/api.w.org\/{rel}","templated":true}]}}